{"id":1734,"date":"2025-02-27T21:30:37","date_gmt":"2025-02-27T19:30:37","guid":{"rendered":"https:\/\/massegart.com\/?page_id=1734"},"modified":"2025-02-27T21:30:39","modified_gmt":"2025-02-27T19:30:39","slug":"blog","status":"publish","type":"page","link":"https:\/\/massegart.com\/es\/blog\/","title":{"rendered":"Blog"},"content":{"rendered":"\n<div class=\"wp-block-media-text is-stacked-on-mobile is-vertically-aligned-top\"><figure class=\"wp-block-media-text__media\"><img decoding=\"async\" width=\"771\" height=\"1024\" src=\"https:\/\/massegart.com\/wp-content\/uploads\/2025\/02\/amanecercasarural_amanecerconvistas_casaruralconvistas_massegart-771x1024.jpg\" alt=\"Terraza con vistas en casa rural Mas Segart\" class=\"wp-image-1873 size-full\" srcset=\"https:\/\/massegart.com\/wp-content\/uploads\/2025\/02\/amanecercasarural_amanecerconvistas_casaruralconvistas_massegart-771x1024.jpg 771w, https:\/\/massegart.com\/wp-content\/uploads\/2025\/02\/amanecercasarural_amanecerconvistas_casaruralconvistas_massegart-226x300.jpg 226w, https:\/\/massegart.com\/wp-content\/uploads\/2025\/02\/amanecercasarural_amanecerconvistas_casaruralconvistas_massegart-768x1020.jpg 768w, https:\/\/massegart.com\/wp-content\/uploads\/2025\/02\/amanecercasarural_amanecerconvistas_casaruralconvistas_massegart-1157x1536.jpg 1157w, https:\/\/massegart.com\/wp-content\/uploads\/2025\/02\/amanecercasarural_amanecerconvistas_casaruralconvistas_massegart-1542x2048.jpg 1542w, https:\/\/massegart.com\/wp-content\/uploads\/2025\/02\/amanecercasarural_amanecerconvistas_casaruralconvistas_massegart-scaled.jpg 1928w\" sizes=\"(max-width: 771px) 100vw, 771px\" \/><\/figure><div class=\"wp-block-media-text__content\">\n<h2 class=\"wp-block-heading has-small-font-size\">Escapada rural cerca de Barcelona<\/h2>\n\n\n\n<p class=\"has-small-font-size\">Si buscas un refugio en plena naturaleza para desconectar del estr\u00e9s diario,&nbsp;<strong>Mas Segart<\/strong>&nbsp;es la escapada rural cerca de Barcelona. Esta casa rural, ubicada en un entorno privilegiado, ofrece tranquilidad, naturaleza y confort. Aqu\u00ed podr\u00e1s disfrutar de la belleza del paisaje y del relax que brinda la naturaleza.<\/p>\n\n\n\n<p class=\"has-small-font-size\">No es una casa rural convencional; es una experiencia \u00fanica que te permitir\u00e1 escapar de la rutina diaria. Apostamos por la autenticidad y respetamos el entorno, garantizando as\u00ed una estancia sostenible. Nuestros hu\u00e9spedes disfrutan de una estancia donde la naturaleza y el bienestar son protagonistas. Aqu\u00ed puedes relajarte, respirar aire puro y disfrutar de bosques y paisajes espectaculares que te rodean.<\/p>\n\n\n\n<h3 class=\"wp-block-heading has-small-font-size\">Actividades para Todos<\/h3>\n\n\n\n<p class=\"has-small-font-size\">Si buscas un refugio en plena naturaleza para desconectar del estr\u00e9s diario,&nbsp;<strong>Mas Segart<\/strong>&nbsp;es la escapada rural perfecta a solo 40 kil\u00f3metros de Barcelona. Esta casa rural, ubicada en un entorno privilegiado, ofrece tranquilidad, naturaleza y confort. Adem\u00e1s, aqu\u00ed podr\u00e1s disfrutar de la belleza del paisaje y del relax que brinda la naturaleza.<\/p>\n\n\n\n<p class=\"has-small-font-size\">No es una casa rural convencional; por el contrario, es una experiencia \u00fanica que te permitir\u00e1 escapar de la rutina diaria. Apostamos por la autenticidad y respetamos el entorno, garantizando as\u00ed una estancia sostenible. Nuestros hu\u00e9spedes disfrutan de una estancia donde la naturaleza y el bienestar son protagonistas. As\u00ed que, aqu\u00ed puedes relajarte, respirar aire puro y disfrutar de bosques y paisajes espectaculares que te rodean.<\/p>\n\n\n\n<h3 class=\"wp-block-heading\"><\/h3>\n\n\n\n<p class=\"has-small-font-size\">Si prefieres un plan m\u00e1s tranquilo, Mas Segart es perfecto para ti. Por ejemplo, podr\u00e1s darte&nbsp;<strong>un ba\u00f1o refrescante en la piscina<\/strong>, leer un buen libro en nuestros jardines o simplemente contemplar el paisaje. Al salir de tu rutina y pasar unos d\u00edas con nosotros, vuelves a lo natural y aprendes a valorar la naturaleza que nos rodea. Adem\u00e1s, los atardeceres son un espect\u00e1culo inolvidable que no querr\u00e1s perderte.<\/p>\n\n\n\n<p class=\"has-small-font-size\">Para los m\u00e1s activos, ofrecemos opciones de ocio como&nbsp;<a href=\"https:\/\/massegart.com\/serveis-2\/\">mini golf<\/a>&nbsp;y juegos de ping pong en familia. Estas actividades, por supuesto, son ideales para compartir momentos \u00fanicos y divertidos con tus seres queridos. Adem\u00e1s, tambi\u00e9n organizamos rutas de senderismo para explorar los alrededores, donde podr\u00e1s descubrir la fauna y flora del Montseny. De este modo, cada excursi\u00f3n te permitir\u00e1 conectar m\u00e1s con la naturaleza y disfrutar de un d\u00eda lleno de aventuras.<\/p>\n\n\n\n<h3 class=\"wp-block-heading has-small-font-size\">Espacios para los M\u00e1s Peque\u00f1os<\/h3>\n\n\n\n<p class=\"has-small-font-size\">Por otra parte, contamos con una&nbsp;<strong>sala de juegos<\/strong>&nbsp;dise\u00f1ada especialmente para los m\u00e1s peque\u00f1os, donde pueden disfrutar y divertirse en un entorno seguro. Esta sala, por supuesto, est\u00e1 equipada con juegos y actividades que fomentan la creatividad y el juego en equipo. As\u00ed, los ni\u00f1os podr\u00e1n pasarlo bien mientras t\u00fa te relajas y disfrutas de tu tiempo en Mas Segart.<\/p>\n\n\n\n<p class=\"has-small-font-size\">En conclusi\u00f3n, Mas Segart es la mejor escapada rural cerca de Barcelona para aquellos que buscan un equilibrio entre relajaci\u00f3n y diversi\u00f3n. No solo te permitir\u00e1 desconectar del d\u00eda a d\u00eda, sino que tambi\u00e9n te brindar\u00e1 la oportunidad de conectar con la naturaleza y con tus seres queridos. As\u00ed que, \u00a1ven y descubre todo lo que tenemos para ofrecer! No te arrepentir\u00e1s de haber elegido Mas Segart como tu destino de vacaciones.<\/p>\n<\/div><\/div>\n","protected":false},"excerpt":{"rendered":"<p>Escapada rural cerca de Barcelona Si buscas un refugio en plena naturaleza para desconectar del estr\u00e9s diario,&nbsp;Mas Segart&nbsp;es la escapada rural cerca de Barcelona. Esta casa rural, ubicada en un entorno privilegiado, ofrece tranquilidad, naturaleza y confort. Aqu\u00ed podr\u00e1s disfrutar de la belleza del paisaje y del relax que brinda la naturaleza. No es una&#8230;<\/p>\n","protected":false},"author":3,"featured_media":0,"parent":0,"menu_order":0,"comment_status":"closed","ping_status":"closed","template":"","meta":{"_kad_post_transparent":"","_kad_post_title":"","_kad_post_layout":"","_kad_post_sidebar_id":"","_kad_post_content_style":"","_kad_post_vertical_padding":"","_kad_post_feature":"","_kad_post_feature_position":"","_kad_post_header":false,"_kad_post_footer":false,"_joinchat":[],"footnotes":""},"class_list":["post-1734","page","type-page","status-publish","hentry"],"yoast_head":"<!-- This site is optimized with the Yoast SEO plugin v21.2 - https:\/\/yoast.com\/wordpress\/plugins\/seo\/ -->\n<title>Blog - Mas Segart<\/title>\n<meta name=\"description\" content=\"Descubre Mas Segart, la escapada rural cerca de Barcelona. Disfruta de la naturaleza y actividades para toda la familia.\" \/>\n<meta name=\"robots\" content=\"index, follow, max-snippet:-1, max-image-preview:large, max-video-preview:-1\" \/>\n<link rel=\"canonical\" href=\"https:\/\/massegart.com\/es\/blog\/\" \/>\n<meta property=\"og:locale\" content=\"es_ES\" \/>\n<meta property=\"og:type\" content=\"article\" \/>\n<meta property=\"og:title\" content=\"Blog - Mas Segart\" \/>\n<meta property=\"og:description\" content=\"Descubre Mas Segart, la escapada rural cerca de Barcelona. Disfruta de la naturaleza y actividades para toda la familia.\" \/>\n<meta property=\"og:url\" content=\"https:\/\/massegart.com\/es\/blog\/\" \/>\n<meta property=\"og:site_name\" content=\"Mas Segart\" \/>\n<meta property=\"article:modified_time\" content=\"2025-02-27T19:30:39+00:00\" \/>\n<meta property=\"og:image\" content=\"https:\/\/massegart.com\/wp-content\/uploads\/2025\/02\/amanecercasarural_amanecerconvistas_casaruralconvistas_massegart-771x1024.jpg\" \/>\n<meta name=\"twitter:card\" content=\"summary_large_image\" \/>\n<meta name=\"twitter:label1\" content=\"Tiempo de lectura\" \/>\n\t<meta name=\"twitter:data1\" content=\"4 minutos\" \/>\n<script type=\"application\/ld+json\" class=\"yoast-schema-graph\">{\"@context\":\"https:\/\/schema.org\",\"@graph\":[{\"@type\":\"WebPage\",\"@id\":\"https:\/\/massegart.com\/es\/blog\/\",\"url\":\"https:\/\/massegart.com\/es\/blog\/\",\"name\":\"Blog - Mas Segart\",\"isPartOf\":{\"@id\":\"https:\/\/massegart.com\/es\/#website\"},\"datePublished\":\"2025-02-27T19:30:37+00:00\",\"dateModified\":\"2025-02-27T19:30:39+00:00\",\"description\":\"Descubre Mas Segart, la escapada rural cerca de Barcelona. Disfruta de la naturaleza y actividades para toda la familia.\",\"breadcrumb\":{\"@id\":\"https:\/\/massegart.com\/es\/blog\/#breadcrumb\"},\"inLanguage\":\"es\",\"potentialAction\":[{\"@type\":\"ReadAction\",\"target\":[\"https:\/\/massegart.com\/es\/blog\/\"]}]},{\"@type\":\"BreadcrumbList\",\"@id\":\"https:\/\/massegart.com\/es\/blog\/#breadcrumb\",\"itemListElement\":[{\"@type\":\"ListItem\",\"position\":1,\"name\":\"Inici\",\"item\":\"https:\/\/massegart.com\/es\/\"},{\"@type\":\"ListItem\",\"position\":2,\"name\":\"Blog\"}]},{\"@type\":\"WebSite\",\"@id\":\"https:\/\/massegart.com\/es\/#website\",\"url\":\"https:\/\/massegart.com\/es\/\",\"name\":\"Mas Segart\",\"description\":\"Turisme rural al baix Montseny\",\"publisher\":{\"@id\":\"https:\/\/massegart.com\/es\/#organization\"},\"potentialAction\":[{\"@type\":\"SearchAction\",\"target\":{\"@type\":\"EntryPoint\",\"urlTemplate\":\"https:\/\/massegart.com\/es\/?s={search_term_string}\"},\"query-input\":\"required name=search_term_string\"}],\"inLanguage\":\"es\"},{\"@type\":\"Organization\",\"@id\":\"https:\/\/massegart.com\/es\/#organization\",\"name\":\"Mas Segart\",\"url\":\"https:\/\/massegart.com\/es\/\",\"logo\":{\"@type\":\"ImageObject\",\"inLanguage\":\"es\",\"@id\":\"https:\/\/massegart.com\/es\/#\/schema\/logo\/image\/\",\"url\":\"https:\/\/massegart.com\/wp-content\/uploads\/2023\/06\/logo-retallat-e1686654872325.jpg\",\"contentUrl\":\"https:\/\/massegart.com\/wp-content\/uploads\/2023\/06\/logo-retallat-e1686654872325.jpg\",\"width\":320,\"height\":178,\"caption\":\"Mas Segart\"},\"image\":{\"@id\":\"https:\/\/massegart.com\/es\/#\/schema\/logo\/image\/\"}}]}<\/script>\n<!-- \/ Yoast SEO plugin. -->","yoast_head_json":{"title":"Blog - Mas Segart","description":"Descubre Mas Segart, la escapada rural cerca de Barcelona. Disfruta de la naturaleza y actividades para toda la familia.","robots":{"index":"index","follow":"follow","max-snippet":"max-snippet:-1","max-image-preview":"max-image-preview:large","max-video-preview":"max-video-preview:-1"},"canonical":"https:\/\/massegart.com\/es\/blog\/","og_locale":"es_ES","og_type":"article","og_title":"Blog - Mas Segart","og_description":"Descubre Mas Segart, la escapada rural cerca de Barcelona. Disfruta de la naturaleza y actividades para toda la familia.","og_url":"https:\/\/massegart.com\/es\/blog\/","og_site_name":"Mas Segart","article_modified_time":"2025-02-27T19:30:39+00:00","og_image":[{"url":"https:\/\/massegart.com\/wp-content\/uploads\/2025\/02\/amanecercasarural_amanecerconvistas_casaruralconvistas_massegart-771x1024.jpg"}],"twitter_card":"summary_large_image","twitter_misc":{"Tiempo de lectura":"4 minutos"},"schema":{"@context":"https:\/\/schema.org","@graph":[{"@type":"WebPage","@id":"https:\/\/massegart.com\/es\/blog\/","url":"https:\/\/massegart.com\/es\/blog\/","name":"Blog - Mas Segart","isPartOf":{"@id":"https:\/\/massegart.com\/es\/#website"},"datePublished":"2025-02-27T19:30:37+00:00","dateModified":"2025-02-27T19:30:39+00:00","description":"Descubre Mas Segart, la escapada rural cerca de Barcelona. Disfruta de la naturaleza y actividades para toda la familia.","breadcrumb":{"@id":"https:\/\/massegart.com\/es\/blog\/#breadcrumb"},"inLanguage":"es","potentialAction":[{"@type":"ReadAction","target":["https:\/\/massegart.com\/es\/blog\/"]}]},{"@type":"BreadcrumbList","@id":"https:\/\/massegart.com\/es\/blog\/#breadcrumb","itemListElement":[{"@type":"ListItem","position":1,"name":"Inici","item":"https:\/\/massegart.com\/es\/"},{"@type":"ListItem","position":2,"name":"Blog"}]},{"@type":"WebSite","@id":"https:\/\/massegart.com\/es\/#website","url":"https:\/\/massegart.com\/es\/","name":"Mas Segart","description":"Turisme rural al baix Montseny","publisher":{"@id":"https:\/\/massegart.com\/es\/#organization"},"potentialAction":[{"@type":"SearchAction","target":{"@type":"EntryPoint","urlTemplate":"https:\/\/massegart.com\/es\/?s={search_term_string}"},"query-input":"required name=search_term_string"}],"inLanguage":"es"},{"@type":"Organization","@id":"https:\/\/massegart.com\/es\/#organization","name":"Mas Segart","url":"https:\/\/massegart.com\/es\/","logo":{"@type":"ImageObject","inLanguage":"es","@id":"https:\/\/massegart.com\/es\/#\/schema\/logo\/image\/","url":"https:\/\/massegart.com\/wp-content\/uploads\/2023\/06\/logo-retallat-e1686654872325.jpg","contentUrl":"https:\/\/massegart.com\/wp-content\/uploads\/2023\/06\/logo-retallat-e1686654872325.jpg","width":320,"height":178,"caption":"Mas Segart"},"image":{"@id":"https:\/\/massegart.com\/es\/#\/schema\/logo\/image\/"}}]}},"_links":{"self":[{"href":"https:\/\/massegart.com\/es\/wp-json\/wp\/v2\/pages\/1734","targetHints":{"allow":["GET"]}}],"collection":[{"href":"https:\/\/massegart.com\/es\/wp-json\/wp\/v2\/pages"}],"about":[{"href":"https:\/\/massegart.com\/es\/wp-json\/wp\/v2\/types\/page"}],"author":[{"embeddable":true,"href":"https:\/\/massegart.com\/es\/wp-json\/wp\/v2\/users\/3"}],"replies":[{"embeddable":true,"href":"https:\/\/massegart.com\/es\/wp-json\/wp\/v2\/comments?post=1734"}],"version-history":[{"count":1,"href":"https:\/\/massegart.com\/es\/wp-json\/wp\/v2\/pages\/1734\/revisions"}],"predecessor-version":[{"id":1885,"href":"https:\/\/massegart.com\/es\/wp-json\/wp\/v2\/pages\/1734\/revisions\/1885"}],"wp:attachment":[{"href":"https:\/\/massegart.com\/es\/wp-json\/wp\/v2\/media?parent=1734"}],"curies":[{"name":"wp","href":"https:\/\/api.w.org\/{rel}","templated":true}]}}