{"id":1261,"date":"2023-10-11T00:05:12","date_gmt":"2023-10-10T22:05:12","guid":{"rendered":"https:\/\/massegart.com\/politica-de-cookies\/"},"modified":"2023-10-20T14:35:18","modified_gmt":"2023-10-20T12:35:18","slug":"politica-de-cookies","status":"publish","type":"page","link":"https:\/\/massegart.com\/es\/politica-de-cookies\/","title":{"rendered":"Pol\u00edtica de cookies"},"content":{"rendered":"\n<h2 class=\"wp-block-heading\">Pol\u00edtica de cookies<\/h2>\n\n<div style=\"height:50px\" aria-hidden=\"true\" class=\"wp-block-spacer\"><\/div>\n\n<p><strong>1. \u00bfQu\u00e9 son las cookies?<\/strong> Las galletas son peque\u00f1os archivos de texto que se almacenan en el dispositivo del usuario (ordenador, m\u00f3vil, tablet, etc.) cuando visita un sitio web. Estas galletas permiten que el sitio web recuerde informaci\u00f3n sobre su visita, como el idioma y las opciones preferidas, lo cual puede facilitar su pr\u00f3xima visita y hacer que el lugar sea m\u00e1s \u00fatil al personalizar su contenido.<\/p>\n\n<p><strong>2. Uso de galletas a massegart.com:<\/strong> El sitio web de Mas Segart utiliza galletas con el objetivo principal de mejorar su experiencia en la web. Las galletas nos permiten, entre otras cosas, almacenar y recuperar informaci\u00f3n sobre los h\u00e1bitos de navegaci\u00f3n de un usuario o de su equipo y, dependiendo de la informaci\u00f3n que contengan y de la forma en que utilice su equipo, se pueden utilizar para reconocer al usuario.<\/p>\n\n<p><strong>3. Tipos de galletas utilitzadas:<\/strong><\/p>\n\n<ul class=\"wp-block-list\">\n<li><strong>Galletas t\u00e9cnicas<\/strong>: Son aquellas que permiten al usuario la navegaci\u00f3n a trav\u00e9s de la p\u00e1gina web y la utilizaci\u00f3n de las diferentes opciones o servicios que existen.<\/li>\n\n\n\n<li><strong>Galletas de an\u00e1lisis:<\/strong> Son aquellas que, muy tratadas por nosotros o por terceros, nos permiten cuantificar el n\u00famero de usuarios y as\u00ed realizar la medida y an\u00e1lisis estad\u00edstico de la utilizaci\u00f3n que hacen los usuarios del servicio.<\/li>\n\n\n\n<li><strong>Galletas publicitarias:<\/strong> Son aquellas que permiten la gesti\u00f3n, de la forma m\u00e1s eficaz posible, de los espacios publicitarios que, si procede, el editor haya incluido en una p\u00e1gina web.<\/li>\n<\/ul>\n\n<p><strong>4. Gesti\u00f3n y eliminaci\u00f3n de galletas<\/strong>: Si prefiere limitar, bloquear o eliminar las galletas de Mas Segart o de cualquier otro sitio web, puede hacerlo a trav\u00e9s de la configuraci\u00f3n de su navegador. La forma de hacerlo var\u00eda seg\u00fan el navegador que utilice, por eso le recomendamos que consulte el men\u00fa \u00abAyuda\u00bb de su navegador por saber c\u00f3mo modificar sus preferencias de galletas. Si decide desactivar las galletas, es posible que algunas funciones del sitio web no est\u00e9n disponibles y que su experiencia de navegaci\u00f3n se vea afectada.<\/p>\n\n<p><strong>5. Consentimiento:<\/strong> Al navegar y continuar a nuestro sitio web, el usuario estar\u00e1 consintiendo el uso de las galletas en las condiciones contenidas en la presente Pol\u00edtica de Galletas. Mas Segart proporciona acceso a esta Pol\u00edtica de Galletas en el momento del registro con el objetivo que el usuario est\u00e9 informado.<\/p>\n\n<p><strong>6. Cambios en la Pol\u00edtica de Galletas:<\/strong> Mas Segart se reserva el derecho a realizar cambios en la presente Pol\u00edtica de Galletas para adaptarla a novedades legislativas, jurisprudenciales o t\u00e9cnicas. En estos supuestos, se anunciar\u00e1n los cambios introducidos al sitio web con razonable antelaci\u00f3n a su puesta en pr\u00e1ctica.<\/p>\n\n<p><strong>7. M\u00e1s informaci\u00f3n:<\/strong> Si desea obtener m\u00e1s informaci\u00f3n sobre que son las galletas, como se utilizan y como eliminarlas, puede dirigirse a <a href=\"mailto:info@massegart.com\">info@massegart.com<\/a> o consultar la gu\u00eda sobre el uso de galletas de la Agencia Espa\u00f1ola de Protecci\u00f3n de Datos.<\/p>\n\n<div style=\"height:100px\" aria-hidden=\"true\" class=\"wp-block-spacer\"><\/div>\n","protected":false},"excerpt":{"rendered":"<p>Pol\u00edtica de cookies 1. \u00bfQu\u00e9 son las cookies? Las galletas son peque\u00f1os archivos de texto que se almacenan en el dispositivo del usuario (ordenador, m\u00f3vil, tablet, etc.) cuando visita un sitio web. Estas galletas permiten que el sitio web recuerde informaci\u00f3n sobre su visita, como el idioma y las opciones preferidas, lo cual puede facilitar&#8230;<\/p>\n","protected":false},"author":2,"featured_media":0,"parent":0,"menu_order":0,"comment_status":"closed","ping_status":"closed","template":"","meta":{"_kad_post_transparent":"","_kad_post_title":"","_kad_post_layout":"","_kad_post_sidebar_id":"","_kad_post_content_style":"","_kad_post_vertical_padding":"","_kad_post_feature":"","_kad_post_feature_position":"","_kad_post_header":false,"_kad_post_footer":false,"_joinchat":[],"footnotes":""},"class_list":["post-1261","page","type-page","status-publish","hentry"],"yoast_head":"<!-- This site is optimized with the Yoast SEO plugin v21.2 - https:\/\/yoast.com\/wordpress\/plugins\/seo\/ -->\n<title>Pol\u00edtica de cookies - Mas Segart<\/title>\n<meta name=\"robots\" content=\"noindex, follow\" \/>\n<meta property=\"og:locale\" content=\"es_ES\" \/>\n<meta property=\"og:type\" content=\"article\" \/>\n<meta property=\"og:title\" content=\"Pol\u00edtica de cookies - Mas Segart\" \/>\n<meta property=\"og:description\" content=\"Pol\u00edtica de cookies 1. \u00bfQu\u00e9 son las cookies? Las galletas son peque\u00f1os archivos de texto que se almacenan en el dispositivo del usuario (ordenador, m\u00f3vil, tablet, etc.) cuando visita un sitio web. Estas galletas permiten que el sitio web recuerde informaci\u00f3n sobre su visita, como el idioma y las opciones preferidas, lo cual puede facilitar...\" \/>\n<meta property=\"og:url\" content=\"https:\/\/massegart.com\/es\/politica-de-cookies\/\" \/>\n<meta property=\"og:site_name\" content=\"Mas Segart\" \/>\n<meta property=\"article:modified_time\" content=\"2023-10-20T12:35:18+00:00\" \/>\n<meta name=\"twitter:card\" content=\"summary_large_image\" \/>\n<meta name=\"twitter:label1\" content=\"Tiempo de lectura\" \/>\n\t<meta name=\"twitter:data1\" content=\"3 minutos\" \/>\n<script type=\"application\/ld+json\" class=\"yoast-schema-graph\">{\"@context\":\"https:\/\/schema.org\",\"@graph\":[{\"@type\":\"WebPage\",\"@id\":\"https:\/\/massegart.com\/es\/politica-de-cookies\/\",\"url\":\"https:\/\/massegart.com\/es\/politica-de-cookies\/\",\"name\":\"Pol\u00edtica de cookies - Mas Segart\",\"isPartOf\":{\"@id\":\"https:\/\/massegart.com\/es\/#website\"},\"datePublished\":\"2023-10-10T22:05:12+00:00\",\"dateModified\":\"2023-10-20T12:35:18+00:00\",\"breadcrumb\":{\"@id\":\"https:\/\/massegart.com\/es\/politica-de-cookies\/#breadcrumb\"},\"inLanguage\":\"es\",\"potentialAction\":[{\"@type\":\"ReadAction\",\"target\":[\"https:\/\/massegart.com\/es\/politica-de-cookies\/\"]}]},{\"@type\":\"BreadcrumbList\",\"@id\":\"https:\/\/massegart.com\/es\/politica-de-cookies\/#breadcrumb\",\"itemListElement\":[{\"@type\":\"ListItem\",\"position\":1,\"name\":\"Inici\",\"item\":\"https:\/\/massegart.com\/es\/\"},{\"@type\":\"ListItem\",\"position\":2,\"name\":\"Pol\u00edtica de cookies\"}]},{\"@type\":\"WebSite\",\"@id\":\"https:\/\/massegart.com\/es\/#website\",\"url\":\"https:\/\/massegart.com\/es\/\",\"name\":\"Mas Segart\",\"description\":\"Turisme rural al baix Montseny\",\"publisher\":{\"@id\":\"https:\/\/massegart.com\/es\/#organization\"},\"potentialAction\":[{\"@type\":\"SearchAction\",\"target\":{\"@type\":\"EntryPoint\",\"urlTemplate\":\"https:\/\/massegart.com\/es\/?s={search_term_string}\"},\"query-input\":\"required name=search_term_string\"}],\"inLanguage\":\"es\"},{\"@type\":\"Organization\",\"@id\":\"https:\/\/massegart.com\/es\/#organization\",\"name\":\"Mas Segart\",\"url\":\"https:\/\/massegart.com\/es\/\",\"logo\":{\"@type\":\"ImageObject\",\"inLanguage\":\"es\",\"@id\":\"https:\/\/massegart.com\/es\/#\/schema\/logo\/image\/\",\"url\":\"https:\/\/massegart.com\/wp-content\/uploads\/2023\/06\/logo-retallat-e1686654872325.jpg\",\"contentUrl\":\"https:\/\/massegart.com\/wp-content\/uploads\/2023\/06\/logo-retallat-e1686654872325.jpg\",\"width\":320,\"height\":178,\"caption\":\"Mas Segart\"},\"image\":{\"@id\":\"https:\/\/massegart.com\/es\/#\/schema\/logo\/image\/\"}}]}<\/script>\n<!-- \/ Yoast SEO plugin. -->","yoast_head_json":{"title":"Pol\u00edtica de cookies - Mas Segart","robots":{"index":"noindex","follow":"follow"},"og_locale":"es_ES","og_type":"article","og_title":"Pol\u00edtica de cookies - Mas Segart","og_description":"Pol\u00edtica de cookies 1. \u00bfQu\u00e9 son las cookies? Las galletas son peque\u00f1os archivos de texto que se almacenan en el dispositivo del usuario (ordenador, m\u00f3vil, tablet, etc.) cuando visita un sitio web. Estas galletas permiten que el sitio web recuerde informaci\u00f3n sobre su visita, como el idioma y las opciones preferidas, lo cual puede facilitar...","og_url":"https:\/\/massegart.com\/es\/politica-de-cookies\/","og_site_name":"Mas Segart","article_modified_time":"2023-10-20T12:35:18+00:00","twitter_card":"summary_large_image","twitter_misc":{"Tiempo de lectura":"3 minutos"},"schema":{"@context":"https:\/\/schema.org","@graph":[{"@type":"WebPage","@id":"https:\/\/massegart.com\/es\/politica-de-cookies\/","url":"https:\/\/massegart.com\/es\/politica-de-cookies\/","name":"Pol\u00edtica de cookies - Mas Segart","isPartOf":{"@id":"https:\/\/massegart.com\/es\/#website"},"datePublished":"2023-10-10T22:05:12+00:00","dateModified":"2023-10-20T12:35:18+00:00","breadcrumb":{"@id":"https:\/\/massegart.com\/es\/politica-de-cookies\/#breadcrumb"},"inLanguage":"es","potentialAction":[{"@type":"ReadAction","target":["https:\/\/massegart.com\/es\/politica-de-cookies\/"]}]},{"@type":"BreadcrumbList","@id":"https:\/\/massegart.com\/es\/politica-de-cookies\/#breadcrumb","itemListElement":[{"@type":"ListItem","position":1,"name":"Inici","item":"https:\/\/massegart.com\/es\/"},{"@type":"ListItem","position":2,"name":"Pol\u00edtica de cookies"}]},{"@type":"WebSite","@id":"https:\/\/massegart.com\/es\/#website","url":"https:\/\/massegart.com\/es\/","name":"Mas Segart","description":"Turisme rural al baix Montseny","publisher":{"@id":"https:\/\/massegart.com\/es\/#organization"},"potentialAction":[{"@type":"SearchAction","target":{"@type":"EntryPoint","urlTemplate":"https:\/\/massegart.com\/es\/?s={search_term_string}"},"query-input":"required name=search_term_string"}],"inLanguage":"es"},{"@type":"Organization","@id":"https:\/\/massegart.com\/es\/#organization","name":"Mas Segart","url":"https:\/\/massegart.com\/es\/","logo":{"@type":"ImageObject","inLanguage":"es","@id":"https:\/\/massegart.com\/es\/#\/schema\/logo\/image\/","url":"https:\/\/massegart.com\/wp-content\/uploads\/2023\/06\/logo-retallat-e1686654872325.jpg","contentUrl":"https:\/\/massegart.com\/wp-content\/uploads\/2023\/06\/logo-retallat-e1686654872325.jpg","width":320,"height":178,"caption":"Mas Segart"},"image":{"@id":"https:\/\/massegart.com\/es\/#\/schema\/logo\/image\/"}}]}},"_links":{"self":[{"href":"https:\/\/massegart.com\/es\/wp-json\/wp\/v2\/pages\/1261","targetHints":{"allow":["GET"]}}],"collection":[{"href":"https:\/\/massegart.com\/es\/wp-json\/wp\/v2\/pages"}],"about":[{"href":"https:\/\/massegart.com\/es\/wp-json\/wp\/v2\/types\/page"}],"author":[{"embeddable":true,"href":"https:\/\/massegart.com\/es\/wp-json\/wp\/v2\/users\/2"}],"replies":[{"embeddable":true,"href":"https:\/\/massegart.com\/es\/wp-json\/wp\/v2\/comments?post=1261"}],"version-history":[{"count":1,"href":"https:\/\/massegart.com\/es\/wp-json\/wp\/v2\/pages\/1261\/revisions"}],"predecessor-version":[{"id":1262,"href":"https:\/\/massegart.com\/es\/wp-json\/wp\/v2\/pages\/1261\/revisions\/1262"}],"wp:attachment":[{"href":"https:\/\/massegart.com\/es\/wp-json\/wp\/v2\/media?parent=1261"}],"curies":[{"name":"wp","href":"https:\/\/api.w.org\/{rel}","templated":true}]}}