{"id":1257,"date":"2023-10-10T23:31:37","date_gmt":"2023-10-10T21:31:37","guid":{"rendered":"https:\/\/massegart.com\/politica-de-privacidad\/"},"modified":"2023-10-20T14:13:09","modified_gmt":"2023-10-20T12:13:09","slug":"politica-de-privacidad","status":"publish","type":"page","link":"https:\/\/massegart.com\/es\/politica-de-privacidad\/","title":{"rendered":"Pol\u00edtica de privacidad"},"content":{"rendered":"\n<p><\/p>\n\n<h2 class=\"wp-block-heading\">Pol\u00edtica de privacidad<\/h2>\n\n<div style=\"height:50px\" aria-hidden=\"true\" class=\"wp-block-spacer\"><\/div>\n\n<p><strong>1. Responsable del tratamiento de datos<\/strong>: El responsable del tratamiento de los datos personales recogidos a trav\u00e9s del sitio web massegart.com es RURAL KAITE, SL, amb CIF: B10559318 y domicilio a Quarter Barqueres, 27, 08460 Santa Maria de Palautordera, Barcelona, Espa\u00f1a.<\/p>\n\n<p><strong>2. Finalidad del tratamiento<\/strong>: Los datos personales proporcionados por los usuarios ser\u00e1n tratadas con las siguientes finalidades:<\/p>\n\n<ul class=\"wp-block-list\">\n<li>Gestionar y responder las consultas y solicitudes enviadas por los usuarios.<\/li>\n\n\n\n<li>Procesar y gestionar pedidos o servicios solicitados por los usuarios.<\/li>\n\n\n\n<li>Enviar comunicaciones comerciales y promocionales, siempre con el consentimiento previo del usuario.<\/li>\n<\/ul>\n\n<p><strong>3. Legitimaci\u00f3n:<\/strong> La base legal para el tratamiento de datos es el consentimiento del usuario, la ejecuci\u00f3n de un contrato o servicio solicitado por el usuario y\/o el inter\u00e9s leg\u00edtimo de RURAL KAITE, SL.<\/p>\n\n<p><strong>4. Destinatarios de los datos:<\/strong> Los datos personales no ser\u00e1n cedidas a terceros, levadura de obligaci\u00f3n legal o cuando sea necesario para la prestaci\u00f3n de un servicio solicitado por el usuario.<\/p>\n\n<p><strong>5. Derechos de los usuarios:<\/strong> Los usuarios tienen derecho a acceder a sus datos personales, as\u00ed como a solicitar la rectificaci\u00f3n de los datos inexactos o, si procede, solicitar su supresi\u00f3n cuando, entre otros motivos, los datos ya no sean necesarias para los fines para los cuales fueron recogidas. Tambi\u00e9n podr\u00e1n ejercer su derecho de oposici\u00f3n y limitaci\u00f3n en el tratamiento, as\u00ed como el derecho a la portabilidad de sus datos y a no ser objeto de decisiones individualizadas automatizadas.<\/p>\n\n<p><strong>6. Conservaci\u00f3n de datos:<\/strong> Los datos personales proporcionados se conservar\u00e1n mientras se mantenga la relaci\u00f3n con el usuario y no se solicite su supresi\u00f3n. Posteriormente, los datos se conservar\u00e1n bloqueadas durante los plazos legalmente establecidos.<\/p>\n\n<p><strong>7. Medidas de seguridad:<\/strong> RURAL KAITE, SL adopta las medidas t\u00e9cnicas y organizativas necesarias para garantizar la protecci\u00f3n de los datos personales y evitar su alteraci\u00f3n, p\u00e9rdida, tratamiento y\/o acceso no autorizado.<\/p>\n\n<p><strong>8. Medidas de seguridad:<\/strong> RURAL KAITE, SL adopta las medidas t\u00e9cnicas y organizativas necesarias para garantizar la protecci\u00f3n de los datos personales y evitar su alteraci\u00f3n, p\u00e9rdida, tratamiento y\/o acceso no autorizado, teniendo en cuenta el estado de la tecnolog\u00eda, la naturaleza de los datos almacenados y los riesgos a los cuales est\u00e1n expuestos, ya provengan de la acci\u00f3n humana o del medio f\u00edsico o natural.<\/p>\n\n<p><strong>9. Uso de galletas:<\/strong> El sitio web massegart.com utiliza galletas propias y de terceros para mejorar la experiencia del usuario, analizar el tr\u00e1fico y personalizar el contenido. Puede consultar nuestra Pol\u00edtica de Galletas para obtener m\u00e1s informaci\u00f3n sobre las galletas que utilizamos, su finalidad y como configurar o rechazarlas, si lo considera oportuno.<\/p>\n\n<p><strong>10. Enlaces a sitios web de terceros<\/strong>: Nuestro sitio web puede contener enlaces a sitios web gestionados por terceros. Es importante que los usuarios sean conscientes que RURAL KAITE, SL no tiene control sobre estos lugares ni sobre las pr\u00e1cticas de privacidad otros lugares. Recomendamos a los usuarios que sean cautelosos y que lean las pol\u00edticas de privacidad de cada sitio web que visiten.<\/p>\n\n<p><strong>11. Cambios en la Pol\u00edtica de Privacidad:<\/strong> RURAL KAITE, SL se reserva el derecho a modificar esta Pol\u00edtica de Privacidad para adaptarla a novedades legislativas o jurisprudenciales, as\u00ed como a pr\u00e1cticas de la industria. En estos supuestos, RURAL KAITE, SL anunciar\u00e1 en esta p\u00e1gina los cambios introducidos con razonable antelaci\u00f3n a su puesta en pr\u00e1ctica.<\/p>\n\n<div style=\"height:100px\" aria-hidden=\"true\" class=\"wp-block-spacer\"><\/div>\n","protected":false},"excerpt":{"rendered":"<p>Pol\u00edtica de privacidad 1. Responsable del tratamiento de datos: El responsable del tratamiento de los datos personales recogidos a trav\u00e9s del sitio web massegart.com es RURAL KAITE, SL, amb CIF: B10559318 y domicilio a Quarter Barqueres, 27, 08460 Santa Maria de Palautordera, Barcelona, Espa\u00f1a. 2. Finalidad del tratamiento: Los datos personales proporcionados por los usuarios&#8230;<\/p>\n","protected":false},"author":2,"featured_media":0,"parent":0,"menu_order":0,"comment_status":"closed","ping_status":"closed","template":"","meta":{"_kad_post_transparent":"","_kad_post_title":"","_kad_post_layout":"","_kad_post_sidebar_id":"","_kad_post_content_style":"","_kad_post_vertical_padding":"","_kad_post_feature":"","_kad_post_feature_position":"","_kad_post_header":false,"_kad_post_footer":false,"_joinchat":[],"footnotes":""},"class_list":["post-1257","page","type-page","status-publish","hentry"],"yoast_head":"<!-- This site is optimized with the Yoast SEO plugin v21.2 - https:\/\/yoast.com\/wordpress\/plugins\/seo\/ -->\n<title>Pol\u00edtica de privacidad - Mas Segart<\/title>\n<meta name=\"robots\" content=\"index, follow, max-snippet:-1, max-image-preview:large, max-video-preview:-1\" \/>\n<link rel=\"canonical\" href=\"https:\/\/massegart.com\/es\/politica-de-privacidad\/\" \/>\n<meta property=\"og:locale\" content=\"es_ES\" \/>\n<meta property=\"og:type\" content=\"article\" \/>\n<meta property=\"og:title\" content=\"Pol\u00edtica de privacidad - Mas Segart\" \/>\n<meta property=\"og:description\" content=\"Pol\u00edtica de privacidad 1. Responsable del tratamiento de datos: El responsable del tratamiento de los datos personales recogidos a trav\u00e9s del sitio web massegart.com es RURAL KAITE, SL, amb CIF: B10559318 y domicilio a Quarter Barqueres, 27, 08460 Santa Maria de Palautordera, Barcelona, Espa\u00f1a. 2. Finalidad del tratamiento: Los datos personales proporcionados por los usuarios...\" \/>\n<meta property=\"og:url\" content=\"https:\/\/massegart.com\/es\/politica-de-privacidad\/\" \/>\n<meta property=\"og:site_name\" content=\"Mas Segart\" \/>\n<meta property=\"article:modified_time\" content=\"2023-10-20T12:13:09+00:00\" \/>\n<meta name=\"twitter:card\" content=\"summary_large_image\" \/>\n<meta name=\"twitter:label1\" content=\"Tiempo de lectura\" \/>\n\t<meta name=\"twitter:data1\" content=\"3 minutos\" \/>\n<script type=\"application\/ld+json\" class=\"yoast-schema-graph\">{\"@context\":\"https:\/\/schema.org\",\"@graph\":[{\"@type\":\"WebPage\",\"@id\":\"https:\/\/massegart.com\/es\/politica-de-privacidad\/\",\"url\":\"https:\/\/massegart.com\/es\/politica-de-privacidad\/\",\"name\":\"Pol\u00edtica de privacidad - Mas Segart\",\"isPartOf\":{\"@id\":\"https:\/\/massegart.com\/es\/#website\"},\"datePublished\":\"2023-10-10T21:31:37+00:00\",\"dateModified\":\"2023-10-20T12:13:09+00:00\",\"breadcrumb\":{\"@id\":\"https:\/\/massegart.com\/es\/politica-de-privacidad\/#breadcrumb\"},\"inLanguage\":\"es\",\"potentialAction\":[{\"@type\":\"ReadAction\",\"target\":[\"https:\/\/massegart.com\/es\/politica-de-privacidad\/\"]}]},{\"@type\":\"BreadcrumbList\",\"@id\":\"https:\/\/massegart.com\/es\/politica-de-privacidad\/#breadcrumb\",\"itemListElement\":[{\"@type\":\"ListItem\",\"position\":1,\"name\":\"Inici\",\"item\":\"https:\/\/massegart.com\/es\/\"},{\"@type\":\"ListItem\",\"position\":2,\"name\":\"Pol\u00edtica de privacidad\"}]},{\"@type\":\"WebSite\",\"@id\":\"https:\/\/massegart.com\/es\/#website\",\"url\":\"https:\/\/massegart.com\/es\/\",\"name\":\"Mas Segart\",\"description\":\"Turisme rural al baix Montseny\",\"publisher\":{\"@id\":\"https:\/\/massegart.com\/es\/#organization\"},\"potentialAction\":[{\"@type\":\"SearchAction\",\"target\":{\"@type\":\"EntryPoint\",\"urlTemplate\":\"https:\/\/massegart.com\/es\/?s={search_term_string}\"},\"query-input\":\"required name=search_term_string\"}],\"inLanguage\":\"es\"},{\"@type\":\"Organization\",\"@id\":\"https:\/\/massegart.com\/es\/#organization\",\"name\":\"Mas Segart\",\"url\":\"https:\/\/massegart.com\/es\/\",\"logo\":{\"@type\":\"ImageObject\",\"inLanguage\":\"es\",\"@id\":\"https:\/\/massegart.com\/es\/#\/schema\/logo\/image\/\",\"url\":\"https:\/\/massegart.com\/wp-content\/uploads\/2023\/06\/logo-retallat-e1686654872325.jpg\",\"contentUrl\":\"https:\/\/massegart.com\/wp-content\/uploads\/2023\/06\/logo-retallat-e1686654872325.jpg\",\"width\":320,\"height\":178,\"caption\":\"Mas Segart\"},\"image\":{\"@id\":\"https:\/\/massegart.com\/es\/#\/schema\/logo\/image\/\"}}]}<\/script>\n<!-- \/ Yoast SEO plugin. -->","yoast_head_json":{"title":"Pol\u00edtica de privacidad - Mas Segart","robots":{"index":"index","follow":"follow","max-snippet":"max-snippet:-1","max-image-preview":"max-image-preview:large","max-video-preview":"max-video-preview:-1"},"canonical":"https:\/\/massegart.com\/es\/politica-de-privacidad\/","og_locale":"es_ES","og_type":"article","og_title":"Pol\u00edtica de privacidad - Mas Segart","og_description":"Pol\u00edtica de privacidad 1. Responsable del tratamiento de datos: El responsable del tratamiento de los datos personales recogidos a trav\u00e9s del sitio web massegart.com es RURAL KAITE, SL, amb CIF: B10559318 y domicilio a Quarter Barqueres, 27, 08460 Santa Maria de Palautordera, Barcelona, Espa\u00f1a. 2. Finalidad del tratamiento: Los datos personales proporcionados por los usuarios...","og_url":"https:\/\/massegart.com\/es\/politica-de-privacidad\/","og_site_name":"Mas Segart","article_modified_time":"2023-10-20T12:13:09+00:00","twitter_card":"summary_large_image","twitter_misc":{"Tiempo de lectura":"3 minutos"},"schema":{"@context":"https:\/\/schema.org","@graph":[{"@type":"WebPage","@id":"https:\/\/massegart.com\/es\/politica-de-privacidad\/","url":"https:\/\/massegart.com\/es\/politica-de-privacidad\/","name":"Pol\u00edtica de privacidad - Mas Segart","isPartOf":{"@id":"https:\/\/massegart.com\/es\/#website"},"datePublished":"2023-10-10T21:31:37+00:00","dateModified":"2023-10-20T12:13:09+00:00","breadcrumb":{"@id":"https:\/\/massegart.com\/es\/politica-de-privacidad\/#breadcrumb"},"inLanguage":"es","potentialAction":[{"@type":"ReadAction","target":["https:\/\/massegart.com\/es\/politica-de-privacidad\/"]}]},{"@type":"BreadcrumbList","@id":"https:\/\/massegart.com\/es\/politica-de-privacidad\/#breadcrumb","itemListElement":[{"@type":"ListItem","position":1,"name":"Inici","item":"https:\/\/massegart.com\/es\/"},{"@type":"ListItem","position":2,"name":"Pol\u00edtica de privacidad"}]},{"@type":"WebSite","@id":"https:\/\/massegart.com\/es\/#website","url":"https:\/\/massegart.com\/es\/","name":"Mas Segart","description":"Turisme rural al baix Montseny","publisher":{"@id":"https:\/\/massegart.com\/es\/#organization"},"potentialAction":[{"@type":"SearchAction","target":{"@type":"EntryPoint","urlTemplate":"https:\/\/massegart.com\/es\/?s={search_term_string}"},"query-input":"required name=search_term_string"}],"inLanguage":"es"},{"@type":"Organization","@id":"https:\/\/massegart.com\/es\/#organization","name":"Mas Segart","url":"https:\/\/massegart.com\/es\/","logo":{"@type":"ImageObject","inLanguage":"es","@id":"https:\/\/massegart.com\/es\/#\/schema\/logo\/image\/","url":"https:\/\/massegart.com\/wp-content\/uploads\/2023\/06\/logo-retallat-e1686654872325.jpg","contentUrl":"https:\/\/massegart.com\/wp-content\/uploads\/2023\/06\/logo-retallat-e1686654872325.jpg","width":320,"height":178,"caption":"Mas Segart"},"image":{"@id":"https:\/\/massegart.com\/es\/#\/schema\/logo\/image\/"}}]}},"_links":{"self":[{"href":"https:\/\/massegart.com\/es\/wp-json\/wp\/v2\/pages\/1257","targetHints":{"allow":["GET"]}}],"collection":[{"href":"https:\/\/massegart.com\/es\/wp-json\/wp\/v2\/pages"}],"about":[{"href":"https:\/\/massegart.com\/es\/wp-json\/wp\/v2\/types\/page"}],"author":[{"embeddable":true,"href":"https:\/\/massegart.com\/es\/wp-json\/wp\/v2\/users\/2"}],"replies":[{"embeddable":true,"href":"https:\/\/massegart.com\/es\/wp-json\/wp\/v2\/comments?post=1257"}],"version-history":[{"count":1,"href":"https:\/\/massegart.com\/es\/wp-json\/wp\/v2\/pages\/1257\/revisions"}],"predecessor-version":[{"id":1258,"href":"https:\/\/massegart.com\/es\/wp-json\/wp\/v2\/pages\/1257\/revisions\/1258"}],"wp:attachment":[{"href":"https:\/\/massegart.com\/es\/wp-json\/wp\/v2\/media?parent=1257"}],"curies":[{"name":"wp","href":"https:\/\/api.w.org\/{rel}","templated":true}]}}