{"id":1087,"date":"2023-10-09T20:42:58","date_gmt":"2023-10-09T18:42:58","guid":{"rendered":"https:\/\/massegart.com\/?page_id=1087"},"modified":"2023-10-10T22:18:41","modified_gmt":"2023-10-10T20:18:41","slug":"aviso-legal","status":"publish","type":"page","link":"https:\/\/massegart.com\/es\/aviso-legal\/","title":{"rendered":"Aviso legal"},"content":{"rendered":"\n<h2 class=\"wp-block-heading\">Aviso legal<\/h2>\n\n\n\n<div style=\"height:50px\" aria-hidden=\"true\" class=\"wp-block-spacer\"><\/div>\n\n\n\n<p><strong>1. Identificaci\u00f3n del titular:<\/strong> El presente sitio web, massegart.com, es propiedad de RURAL KAITE, SL, con CIF: B10559318 y domicilio en Quarter Barqueres, 27, 08460 Santa Maria de Palautordera, Barcelona, Espa\u00f1a. Puede contactarnos a trav\u00e9s de <a href=\"mailto:info@massegart.com\"><\/a><a href=\"mailto:info@massegart.com\">info@massegart.com<\/a>.<\/p>\n\n\n\n<p><strong>2. Propiedad intelectual e industrial:<\/strong> El contenido de este sitio web, incluyendo, pero no limitado a, textos, im\u00e1genes, gr\u00e1ficos, marcas, logotipos y otros elementos, est\u00e1n protegidos por derechos de propiedad intelectual e industrial pertenecientes a RURAL KAITE, SL o a terceros que hayan autorizado su uso. Queda estrictamente prohibido cualquier uso, reproducci\u00f3n, distribuci\u00f3n, modificaci\u00f3n o comunicaci\u00f3n p\u00fablica sin el consentimiento expreso de RURAL KAITE, SL.<\/p>\n\n\n\n<p><strong>3. Uso del sitio web:<\/strong> El usuario se compromete a utilizar el sitio web y sus contenidos de conformidad con la ley, la moral, el orden p\u00fablico y las presentes condiciones. Asimismo, se compromete a no utilizar el sitio web o los servicios ofrecidos con fines o efectos il\u00edcitos o contrarios al contenido de este aviso legal, lesivos de los intereses o derechos de terceros, o que de cualquier forma puedan da\u00f1ar, inutilizar o deteriorar el sitio web o sus servicios, o impedir un normal disfrute del sitio web por otros usuarios.<\/p>\n\n\n\n<p><strong>4. Limitaci\u00f3n de responsabilidad:<\/strong> RURAL KAITE, SL no garantiza la disponibilidad y continuidad del funcionamiento del sitio web y no ser\u00e1 en ning\u00fan caso responsable por cualquier da\u00f1o o perjuicio que pueda derivarse de la falta de disponibilidad o accesibilidad al sitio web, interrupciones en el funcionamiento del mismo, errores en el acceso a las distintas p\u00e1ginas web o aquellos da\u00f1os que puedan derivarse del uso de la informaci\u00f3n y de los elementos contenidos en la misma.<\/p>\n\n\n\n<p><strong>5. Enlaces a terceros:<\/strong> Este sitio web puede contener enlaces a otros sitios web gestionados por terceros. Estos enlaces no representan ninguna relaci\u00f3n entre RURAL KAITE, SL y dichos terceros. RURAL KAITE, SL no tiene control sobre estos sitios web y no es responsable de su contenido ni de las consecuencias del acceso a estos enlaces.<\/p>\n\n\n\n<p><strong>6. Modificaciones:<\/strong> RURAL KAITE, SL se reserva el derecho a realizar cambios en el sitio web sin previo aviso, con el objetivo de actualizar, corregir, modificar, a\u00f1adir o eliminar contenidos del sitio web o de su dise\u00f1o.<\/p>\n\n\n\n<p><strong>7. Legislaci\u00f3n aplicable y jurisdicci\u00f3n:<\/strong> Para cualquier controversia relacionada con el presente aviso legal, las partes acuerdan someterse a la jurisdicci\u00f3n y competencia de los tribunales de Barcelona, Espa\u00f1a.<\/p>\n\n\n\n<div style=\"height:100px\" aria-hidden=\"true\" class=\"wp-block-spacer\"><\/div>\n","protected":false},"excerpt":{"rendered":"<p>Aviso legal 1. Identificaci\u00f3n del titular: El presente sitio web, massegart.com, es propiedad de RURAL KAITE, SL, con CIF: B10559318 y domicilio en Quarter Barqueres, 27, 08460 Santa Maria de Palautordera, Barcelona, Espa\u00f1a. Puede contactarnos a trav\u00e9s de info@massegart.com. 2. Propiedad intelectual e industrial: El contenido de este sitio web, incluyendo, pero no limitado a,&#8230;<\/p>\n","protected":false},"author":2,"featured_media":0,"parent":0,"menu_order":0,"comment_status":"closed","ping_status":"closed","template":"","meta":{"_kad_post_transparent":"","_kad_post_title":"","_kad_post_layout":"","_kad_post_sidebar_id":"","_kad_post_content_style":"","_kad_post_vertical_padding":"","_kad_post_feature":"","_kad_post_feature_position":"","_kad_post_header":false,"_kad_post_footer":false,"_joinchat":[],"footnotes":""},"class_list":["post-1087","page","type-page","status-publish","hentry"],"yoast_head":"<!-- This site is optimized with the Yoast SEO plugin v21.2 - https:\/\/yoast.com\/wordpress\/plugins\/seo\/ -->\n<title>Aviso legal - Mas Segart<\/title>\n<meta name=\"robots\" content=\"index, follow, max-snippet:-1, max-image-preview:large, max-video-preview:-1\" \/>\n<link rel=\"canonical\" href=\"https:\/\/massegart.com\/es\/aviso-legal\/\" \/>\n<meta property=\"og:locale\" content=\"es_ES\" \/>\n<meta property=\"og:type\" content=\"article\" \/>\n<meta property=\"og:title\" content=\"Aviso legal - Mas Segart\" \/>\n<meta property=\"og:description\" content=\"Aviso legal 1. Identificaci\u00f3n del titular: El presente sitio web, massegart.com, es propiedad de RURAL KAITE, SL, con CIF: B10559318 y domicilio en Quarter Barqueres, 27, 08460 Santa Maria de Palautordera, Barcelona, Espa\u00f1a. Puede contactarnos a trav\u00e9s de info@massegart.com. 2. Propiedad intelectual e industrial: El contenido de este sitio web, incluyendo, pero no limitado a,...\" \/>\n<meta property=\"og:url\" content=\"https:\/\/massegart.com\/es\/aviso-legal\/\" \/>\n<meta property=\"og:site_name\" content=\"Mas Segart\" \/>\n<meta property=\"article:modified_time\" content=\"2023-10-10T20:18:41+00:00\" \/>\n<meta name=\"twitter:card\" content=\"summary_large_image\" \/>\n<meta name=\"twitter:label1\" content=\"Tiempo de lectura\" \/>\n\t<meta name=\"twitter:data1\" content=\"3 minutos\" \/>\n<script type=\"application\/ld+json\" class=\"yoast-schema-graph\">{\"@context\":\"https:\/\/schema.org\",\"@graph\":[{\"@type\":\"WebPage\",\"@id\":\"https:\/\/massegart.com\/es\/aviso-legal\/\",\"url\":\"https:\/\/massegart.com\/es\/aviso-legal\/\",\"name\":\"Aviso legal - Mas Segart\",\"isPartOf\":{\"@id\":\"https:\/\/massegart.com\/es\/#website\"},\"datePublished\":\"2023-10-09T18:42:58+00:00\",\"dateModified\":\"2023-10-10T20:18:41+00:00\",\"breadcrumb\":{\"@id\":\"https:\/\/massegart.com\/es\/aviso-legal\/#breadcrumb\"},\"inLanguage\":\"es\",\"potentialAction\":[{\"@type\":\"ReadAction\",\"target\":[\"https:\/\/massegart.com\/es\/aviso-legal\/\"]}]},{\"@type\":\"BreadcrumbList\",\"@id\":\"https:\/\/massegart.com\/es\/aviso-legal\/#breadcrumb\",\"itemListElement\":[{\"@type\":\"ListItem\",\"position\":1,\"name\":\"Inici\",\"item\":\"https:\/\/massegart.com\/es\/\"},{\"@type\":\"ListItem\",\"position\":2,\"name\":\"Aviso legal\"}]},{\"@type\":\"WebSite\",\"@id\":\"https:\/\/massegart.com\/es\/#website\",\"url\":\"https:\/\/massegart.com\/es\/\",\"name\":\"Mas Segart\",\"description\":\"Turisme rural al baix Montseny\",\"publisher\":{\"@id\":\"https:\/\/massegart.com\/es\/#organization\"},\"potentialAction\":[{\"@type\":\"SearchAction\",\"target\":{\"@type\":\"EntryPoint\",\"urlTemplate\":\"https:\/\/massegart.com\/es\/?s={search_term_string}\"},\"query-input\":\"required name=search_term_string\"}],\"inLanguage\":\"es\"},{\"@type\":\"Organization\",\"@id\":\"https:\/\/massegart.com\/es\/#organization\",\"name\":\"Mas Segart\",\"url\":\"https:\/\/massegart.com\/es\/\",\"logo\":{\"@type\":\"ImageObject\",\"inLanguage\":\"es\",\"@id\":\"https:\/\/massegart.com\/es\/#\/schema\/logo\/image\/\",\"url\":\"https:\/\/massegart.com\/wp-content\/uploads\/2023\/06\/logo-retallat-e1686654872325.jpg\",\"contentUrl\":\"https:\/\/massegart.com\/wp-content\/uploads\/2023\/06\/logo-retallat-e1686654872325.jpg\",\"width\":320,\"height\":178,\"caption\":\"Mas Segart\"},\"image\":{\"@id\":\"https:\/\/massegart.com\/es\/#\/schema\/logo\/image\/\"}}]}<\/script>\n<!-- \/ Yoast SEO plugin. -->","yoast_head_json":{"title":"Aviso legal - Mas Segart","robots":{"index":"index","follow":"follow","max-snippet":"max-snippet:-1","max-image-preview":"max-image-preview:large","max-video-preview":"max-video-preview:-1"},"canonical":"https:\/\/massegart.com\/es\/aviso-legal\/","og_locale":"es_ES","og_type":"article","og_title":"Aviso legal - Mas Segart","og_description":"Aviso legal 1. Identificaci\u00f3n del titular: El presente sitio web, massegart.com, es propiedad de RURAL KAITE, SL, con CIF: B10559318 y domicilio en Quarter Barqueres, 27, 08460 Santa Maria de Palautordera, Barcelona, Espa\u00f1a. Puede contactarnos a trav\u00e9s de info@massegart.com. 2. Propiedad intelectual e industrial: El contenido de este sitio web, incluyendo, pero no limitado a,...","og_url":"https:\/\/massegart.com\/es\/aviso-legal\/","og_site_name":"Mas Segart","article_modified_time":"2023-10-10T20:18:41+00:00","twitter_card":"summary_large_image","twitter_misc":{"Tiempo de lectura":"3 minutos"},"schema":{"@context":"https:\/\/schema.org","@graph":[{"@type":"WebPage","@id":"https:\/\/massegart.com\/es\/aviso-legal\/","url":"https:\/\/massegart.com\/es\/aviso-legal\/","name":"Aviso legal - Mas Segart","isPartOf":{"@id":"https:\/\/massegart.com\/es\/#website"},"datePublished":"2023-10-09T18:42:58+00:00","dateModified":"2023-10-10T20:18:41+00:00","breadcrumb":{"@id":"https:\/\/massegart.com\/es\/aviso-legal\/#breadcrumb"},"inLanguage":"es","potentialAction":[{"@type":"ReadAction","target":["https:\/\/massegart.com\/es\/aviso-legal\/"]}]},{"@type":"BreadcrumbList","@id":"https:\/\/massegart.com\/es\/aviso-legal\/#breadcrumb","itemListElement":[{"@type":"ListItem","position":1,"name":"Inici","item":"https:\/\/massegart.com\/es\/"},{"@type":"ListItem","position":2,"name":"Aviso legal"}]},{"@type":"WebSite","@id":"https:\/\/massegart.com\/es\/#website","url":"https:\/\/massegart.com\/es\/","name":"Mas Segart","description":"Turisme rural al baix Montseny","publisher":{"@id":"https:\/\/massegart.com\/es\/#organization"},"potentialAction":[{"@type":"SearchAction","target":{"@type":"EntryPoint","urlTemplate":"https:\/\/massegart.com\/es\/?s={search_term_string}"},"query-input":"required name=search_term_string"}],"inLanguage":"es"},{"@type":"Organization","@id":"https:\/\/massegart.com\/es\/#organization","name":"Mas Segart","url":"https:\/\/massegart.com\/es\/","logo":{"@type":"ImageObject","inLanguage":"es","@id":"https:\/\/massegart.com\/es\/#\/schema\/logo\/image\/","url":"https:\/\/massegart.com\/wp-content\/uploads\/2023\/06\/logo-retallat-e1686654872325.jpg","contentUrl":"https:\/\/massegart.com\/wp-content\/uploads\/2023\/06\/logo-retallat-e1686654872325.jpg","width":320,"height":178,"caption":"Mas Segart"},"image":{"@id":"https:\/\/massegart.com\/es\/#\/schema\/logo\/image\/"}}]}},"_links":{"self":[{"href":"https:\/\/massegart.com\/es\/wp-json\/wp\/v2\/pages\/1087","targetHints":{"allow":["GET"]}}],"collection":[{"href":"https:\/\/massegart.com\/es\/wp-json\/wp\/v2\/pages"}],"about":[{"href":"https:\/\/massegart.com\/es\/wp-json\/wp\/v2\/types\/page"}],"author":[{"embeddable":true,"href":"https:\/\/massegart.com\/es\/wp-json\/wp\/v2\/users\/2"}],"replies":[{"embeddable":true,"href":"https:\/\/massegart.com\/es\/wp-json\/wp\/v2\/comments?post=1087"}],"version-history":[{"count":5,"href":"https:\/\/massegart.com\/es\/wp-json\/wp\/v2\/pages\/1087\/revisions"}],"predecessor-version":[{"id":1121,"href":"https:\/\/massegart.com\/es\/wp-json\/wp\/v2\/pages\/1087\/revisions\/1121"}],"wp:attachment":[{"href":"https:\/\/massegart.com\/es\/wp-json\/wp\/v2\/media?parent=1087"}],"curies":[{"name":"wp","href":"https:\/\/api.w.org\/{rel}","templated":true}]}}